{"id":4564,"date":"2020-10-27T14:48:50","date_gmt":"2020-10-27T17:48:50","guid":{"rendered":"https:\/\/geometric.sale\/?page_id=4564"},"modified":"2024-10-07T23:24:23","modified_gmt":"2024-10-08T03:24:23","slug":"preguntas-frecuentes","status":"publish","type":"page","link":"https:\/\/geometric.sale\/es\/preguntas-frecuentes","title":{"rendered":"Preguntas Frecuentes"},"content":{"rendered":"<section class=\"wpb-content-wrapper\"><p>[vc_row][vc_column][vc_tta_accordion style=&#8221;la-3&#8243; active_section=&#8221;1&#8243; collapsible_all=&#8221;true&#8221;][vc_tta_section title=&#8221;\u00bfC\u00f3mo me contacto con Geometric?&#8221; tab_id=&#8221;1603813620719-9df2858f-fde7&#8243;][vc_column_text]<\/p>\n<p class=\"p1\">Nos puedes contactar por nuestras redes sociales(facebook o instagram) o al mail <a href=\"mailto:contacto@geometric.sale\"><span class=\"s1\">contact@geometric.sale<\/span><\/a><\/p>\n<p>[\/vc_column_text][\/vc_tta_section][vc_tta_section title=&#8221;\u00bfC\u00f3mo se compra por la web?&#8221; tab_id=&#8221;1603821190760-ef03a753-0c10&#8243;][vc_column_text]<\/p>\n<p class=\"p1\">Primero debes estar registrado en el sitio web y luego puedes comprar con los medios de pago permitidos.<\/p>\n<p>[\/vc_column_text][\/vc_tta_section][vc_tta_section title=&#8221;\u00bfPor cu\u00e1l empresa se despachan los env\u00edos?&#8221; tab_id=&#8221;1603821288256-9ad8e209-1ca3&#8243;][vc_column_text]<\/p>\n<pre id=\"tw-target-text\" class=\"tw-data-text tw-text-large tw-ta\" dir=\"ltr\" data-placeholder=\"Traducci\u00f3n\" data-ved=\"2ahUKEwiMw4r_6P2IAxUsGbkGHQArAkYQ3ewLegQIBxAU\" aria-label=\"Texto traducido: Enviamos mercanc\u00edas desde China con diferentes operadores log\u00edsticos\"><span class=\"Y2IQFc\" lang=\"es\">Enviamos mercanc\u00edas desde China con diferentes operadores log\u00edsticos<\/span><\/pre>\n<p>[\/vc_column_text][\/vc_tta_section][vc_tta_section title=&#8221;\u00bfQu\u00e9 pasa si mi producto falla?&#8221; tab_id=&#8221;1603821324710-a13bd925-03df&#8221;][vc_column_text]<\/p>\n<p class=\"p1\">Revisa en <a href=\"https:\/\/geometric.sale\/terminos-condiciones\/\">T\u00e9rminos y condiciones<\/a>, opci\u00f3n \u00abDevoluciones y cambios\u00bb<\/p>\n<p>[\/vc_column_text][\/vc_tta_section][vc_tta_section title=&#8221;\u00bfCu\u00e1l es el tiempo de despacho de un pedido?&#8221; tab_id=&#8221;1603821402242-dbaa5150-de03&#8243;][vc_column_text]<\/p>\n<p class=\"p1\">Entre 7 y 15 d\u00edas h\u00e1biles, dependiendo la regi\u00f3n.<\/p>\n<p>[\/vc_column_text][\/vc_tta_section][vc_tta_section title=&#8221;\u00bfD\u00f3nde puedo revisar especificaciones de cada producto?&#8221; tab_id=&#8221;1603821436793-bee6e131-bf12&#8243;][vc_column_text]<\/p>\n<p class=\"p1\">En cada uno de nuestros publicados en la web, puedes ver sus medidas y peso.<\/p>\n<p>[\/vc_column_text][\/vc_tta_section][vc_tta_section title=&#8221;\u00bfUstedes tienen alguna relaci\u00f3n con Bao-Bao de Issey Miyake?&#8221; tab_id=&#8221;1603821461912-6760f2ca-d233&#8243;][vc_column_text]<\/p>\n<p class=\"p1\">No tenemos relaci\u00f3n con Bao-Bao ya que no vendemos los mismos modelos que ellos y no competimos en el mismo segmento, Geometric<span class=\"Apple-converted-space\">\u00a0 <\/span>busca llevar la moda Geom\u00e9trica a un p\u00fablico masivo haciendo sus propios modelos.<\/p>\n<p>[\/vc_column_text][\/vc_tta_section][\/vc_tta_accordion][\/vc_column][\/vc_row][vc_row full_width=&#8221;stretch_row_content_no_spaces&#8221;][vc_column width=&#8221;1\/2&#8243;][vc_single_image image=&#8221;4567&#8243; img_size=&#8221;full&#8221;][\/vc_column][vc_column width=&#8221;1\/2&#8243;][vc_single_image image=&#8221;4566&#8243; img_size=&#8221;full&#8221;][\/vc_column][\/vc_row]<\/p>\n<\/section>","protected":false},"excerpt":{"rendered":"<p>[vc_row][vc_column][vc_tta_accordion style=&#8221;la-3&#8243; active_section=&#8221;1&#8243; collapsible_all=&#8221;true&#8221;][vc_tta_section title=&#8221;\u00bfC\u00f3mo me contacto con Geometric?&#8221; tab_id=&#8221;1603813620719-9df2858f-fde7&#8243;][vc_column_text] Nos puedes contactar por nuestras redes sociales(facebook o instagram) o al mail contact@geometric.sale [\/vc_column_text][\/vc_tta_section][vc_tta_section title=&#8221;\u00bfC\u00f3mo se compra por la web?&#8221; tab_id=&#8221;1603821190760-ef03a753-0c10&#8243;][vc_column_text] Primero debes estar registrado en el sitio web y luego puedes comprar con los medios de pago permitidos. [\/vc_column_text][\/vc_tta_section][vc_tta_section&hellip;<\/p>\n","protected":false},"author":1,"featured_media":0,"parent":0,"menu_order":0,"comment_status":"closed","ping_status":"closed","template":"","meta":{"footnotes":""},"class_list":["post-4564","page","type-page","status-publish","hentry"],"yoast_head":"<!-- This site is optimized with the Yoast SEO plugin v23.6 - https:\/\/yoast.com\/wordpress\/plugins\/seo\/ -->\n<title>Preguntas Frecuentes - Geometric<\/title>\n<meta name=\"robots\" content=\"index, follow, max-snippet:-1, max-image-preview:large, max-video-preview:-1\" \/>\n<link rel=\"canonical\" href=\"https:\/\/geometric.sale\/es\/preguntas-frecuentes\" \/>\n<meta property=\"og:locale\" content=\"es_ES\" \/>\n<meta property=\"og:locale:alternate\" content=\"en_US\" \/>\n<meta property=\"og:type\" content=\"article\" \/>\n<meta property=\"og:title\" content=\"Preguntas Frecuentes\" \/>\n<meta property=\"og:description\" content=\"[vc_row][vc_column][vc_tta_accordion style=&#8221;la-3&#8243; active_section=&#8221;1&#8243; collapsible_all=&#8221;true&#8221;][vc_tta_section title=&#8221;\u00bfC\u00f3mo me contacto con Geometric?&#8221; tab_id=&#8221;1603813620719-9df2858f-fde7&#8243;][vc_column_text] Nos puedes contactar por nuestras redes sociales(facebook o instagram) o al mail contact@geometric.sale [\/vc_column_text][\/vc_tta_section][vc_tta_section title=&#8221;\u00bfC\u00f3mo se compra por la web?&#8221; tab_id=&#8221;1603821190760-ef03a753-0c10&#8243;][vc_column_text] Primero debes estar registrado en el sitio web y luego puedes comprar con los medios de pago permitidos. [\/vc_column_text][\/vc_tta_section][vc_tta_section&hellip;\" \/>\n<meta property=\"og:url\" content=\"https:\/\/geometric.sale\/es\/preguntas-frecuentes\" \/>\n<meta property=\"og:site_name\" content=\"Geometric\" \/>\n<meta property=\"article:modified_time\" content=\"2024-10-08T03:24:23+00:00\" \/>\n<meta name=\"twitter:card\" content=\"summary_large_image\" \/>\n<meta name=\"twitter:label1\" content=\"Tiempo de lectura\" \/>\n\t<meta name=\"twitter:data1\" content=\"2 minutos\" \/>\n<script type=\"application\/ld+json\" class=\"yoast-schema-graph\">{\"@context\":\"https:\/\/schema.org\",\"@graph\":[{\"@type\":\"WebPage\",\"@id\":\"https:\/\/geometric.sale\/en\/preguntas-frecuentes\",\"url\":\"https:\/\/geometric.sale\/en\/preguntas-frecuentes\",\"name\":\"Preguntas Frecuentes\",\"isPartOf\":{\"@id\":\"http:\/\/geometric.sale\/es\/#website\"},\"datePublished\":\"2020-10-27T17:48:50+00:00\",\"dateModified\":\"2024-10-08T03:24:23+00:00\",\"breadcrumb\":{\"@id\":\"https:\/\/geometric.sale\/en\/preguntas-frecuentes#breadcrumb\"},\"inLanguage\":\"es-ES\",\"potentialAction\":[{\"@type\":\"ReadAction\",\"target\":[\"https:\/\/geometric.sale\/en\/preguntas-frecuentes\"]}]},{\"@type\":\"BreadcrumbList\",\"@id\":\"https:\/\/geometric.sale\/en\/preguntas-frecuentes#breadcrumb\",\"itemListElement\":[{\"@type\":\"ListItem\",\"position\":1,\"name\":\"Portada\",\"item\":\"http:\/\/geometric.sale\/es\/\"},{\"@type\":\"ListItem\",\"position\":2,\"name\":\"Frequently Asked Questions (FAQs)\"}]},{\"@type\":\"WebSite\",\"@id\":\"http:\/\/geometric.sale\/es\/#website\",\"url\":\"http:\/\/geometric.sale\/es\/\",\"name\":\"Geometric\",\"description\":\"Dise\u00f1os vanguardistas, \u00fanicos y en colores que te hacen sentir \u00fanica, buscamos transmitir el concepto de belleza geom\u00e9trica a nuestras clientas.\",\"publisher\":{\"@id\":\"http:\/\/geometric.sale\/es\/#organization\"},\"potentialAction\":[{\"@type\":\"SearchAction\",\"target\":{\"@type\":\"EntryPoint\",\"urlTemplate\":\"http:\/\/geometric.sale\/es\/?s={search_term_string}\"},\"query-input\":{\"@type\":\"PropertyValueSpecification\",\"valueRequired\":true,\"valueName\":\"search_term_string\"}}],\"inLanguage\":\"es-ES\"},{\"@type\":\"Organization\",\"@id\":\"http:\/\/geometric.sale\/es\/#organization\",\"name\":\"Geometric\",\"url\":\"http:\/\/geometric.sale\/es\/\",\"logo\":{\"@type\":\"ImageObject\",\"inLanguage\":\"es-ES\",\"@id\":\"http:\/\/geometric.sale\/es\/#\/schema\/logo\/image\/\",\"url\":\"https:\/\/geometric.sale\/wp-content\/uploads\/2020\/11\/logo-popup.png\",\"contentUrl\":\"https:\/\/geometric.sale\/wp-content\/uploads\/2020\/11\/logo-popup.png\",\"width\":500,\"height\":400,\"caption\":\"Geometric\"},\"image\":{\"@id\":\"http:\/\/geometric.sale\/es\/#\/schema\/logo\/image\/\"}}]}<\/script>\n<!-- \/ Yoast SEO plugin. -->","yoast_head_json":{"title":"Preguntas Frecuentes - Geometric","robots":{"index":"index","follow":"follow","max-snippet":"max-snippet:-1","max-image-preview":"max-image-preview:large","max-video-preview":"max-video-preview:-1"},"canonical":"https:\/\/geometric.sale\/es\/preguntas-frecuentes","og_locale":"es_ES","og_type":"article","og_title":"[:en]Frequently Asked Questions (FAQs)[:es]Preguntas Frecuentes[:] - Geometric","og_description":"[vc_row][vc_column][vc_tta_accordion style=&#8221;la-3&#8243; active_section=&#8221;1&#8243; collapsible_all=&#8221;true&#8221;][vc_tta_section title=&#8221;\u00bfC\u00f3mo me contacto con Geometric?&#8221; tab_id=&#8221;1603813620719-9df2858f-fde7&#8243;][vc_column_text] Nos puedes contactar por nuestras redes sociales(facebook o instagram) o al mail contact@geometric.sale [\/vc_column_text][\/vc_tta_section][vc_tta_section title=&#8221;\u00bfC\u00f3mo se compra por la web?&#8221; tab_id=&#8221;1603821190760-ef03a753-0c10&#8243;][vc_column_text] Primero debes estar registrado en el sitio web y luego puedes comprar con los medios de pago permitidos. [\/vc_column_text][\/vc_tta_section][vc_tta_section&hellip;","og_url":"https:\/\/geometric.sale\/es\/preguntas-frecuentes","og_site_name":"Geometric","article_modified_time":"2024-10-08T03:24:23+00:00","twitter_card":"summary_large_image","twitter_misc":{"Tiempo de lectura":"2 minutos"},"schema":{"@context":"https:\/\/schema.org","@graph":[{"@type":"WebPage","@id":"https:\/\/geometric.sale\/en\/preguntas-frecuentes","url":"https:\/\/geometric.sale\/en\/preguntas-frecuentes","name":"Preguntas Frecuentes","isPartOf":{"@id":"http:\/\/geometric.sale\/es\/#website"},"datePublished":"2020-10-27T17:48:50+00:00","dateModified":"2024-10-08T03:24:23+00:00","breadcrumb":{"@id":"https:\/\/geometric.sale\/en\/preguntas-frecuentes#breadcrumb"},"inLanguage":"es-ES","potentialAction":[{"@type":"ReadAction","target":["https:\/\/geometric.sale\/en\/preguntas-frecuentes"]}]},{"@type":"BreadcrumbList","@id":"https:\/\/geometric.sale\/en\/preguntas-frecuentes#breadcrumb","itemListElement":[{"@type":"ListItem","position":1,"name":"Portada","item":"http:\/\/geometric.sale\/es\/"},{"@type":"ListItem","position":2,"name":"Frequently Asked Questions (FAQs)"}]},{"@type":"WebSite","@id":"http:\/\/geometric.sale\/es\/#website","url":"http:\/\/geometric.sale\/es\/","name":"Geometric","description":"Dise\u00f1os vanguardistas, \u00fanicos y en colores que te hacen sentir \u00fanica, buscamos transmitir el concepto de belleza geom\u00e9trica a nuestras clientas.","publisher":{"@id":"http:\/\/geometric.sale\/es\/#organization"},"potentialAction":[{"@type":"SearchAction","target":{"@type":"EntryPoint","urlTemplate":"http:\/\/geometric.sale\/es\/?s={search_term_string}"},"query-input":{"@type":"PropertyValueSpecification","valueRequired":true,"valueName":"search_term_string"}}],"inLanguage":"es-ES"},{"@type":"Organization","@id":"http:\/\/geometric.sale\/es\/#organization","name":"Geometric","url":"http:\/\/geometric.sale\/es\/","logo":{"@type":"ImageObject","inLanguage":"es-ES","@id":"http:\/\/geometric.sale\/es\/#\/schema\/logo\/image\/","url":"https:\/\/geometric.sale\/wp-content\/uploads\/2020\/11\/logo-popup.png","contentUrl":"https:\/\/geometric.sale\/wp-content\/uploads\/2020\/11\/logo-popup.png","width":500,"height":400,"caption":"Geometric"},"image":{"@id":"http:\/\/geometric.sale\/es\/#\/schema\/logo\/image\/"}}]}},"_links":{"self":[{"href":"https:\/\/geometric.sale\/es\/wp-json\/wp\/v2\/pages\/4564","targetHints":{"allow":["GET"]}}],"collection":[{"href":"https:\/\/geometric.sale\/es\/wp-json\/wp\/v2\/pages"}],"about":[{"href":"https:\/\/geometric.sale\/es\/wp-json\/wp\/v2\/types\/page"}],"author":[{"embeddable":true,"href":"https:\/\/geometric.sale\/es\/wp-json\/wp\/v2\/users\/1"}],"replies":[{"embeddable":true,"href":"https:\/\/geometric.sale\/es\/wp-json\/wp\/v2\/comments?post=4564"}],"version-history":[{"count":9,"href":"https:\/\/geometric.sale\/es\/wp-json\/wp\/v2\/pages\/4564\/revisions"}],"predecessor-version":[{"id":34080,"href":"https:\/\/geometric.sale\/es\/wp-json\/wp\/v2\/pages\/4564\/revisions\/34080"}],"wp:attachment":[{"href":"https:\/\/geometric.sale\/es\/wp-json\/wp\/v2\/media?parent=4564"}],"curies":[{"name":"wp","href":"https:\/\/api.w.org\/{rel}","templated":true}]}}